{"id":5212,"date":"2021-08-25T07:26:28","date_gmt":"2021-08-25T07:26:28","guid":{"rendered":"http:\/\/dummy.xtemos.com\/woodmart2\/?page_id=5212"},"modified":"2023-12-08T04:03:18","modified_gmt":"2023-12-08T04:03:18","slug":"about-us-3","status":"publish","type":"page","link":"https:\/\/mekoheritage.com\/en\/about-us-3\/","title":{"rendered":"About us"},"content":{"rendered":"<div class=\"wpb-content-wrapper\"><p>[vc_row css=&#8221;.vc_custom_1629877038080{margin-bottom: 40px !important;}&#8221; mobile_bg_img_hidden=&#8221;no&#8221; tablet_bg_img_hidden=&#8221;no&#8221; woodmart_parallax=&#8221;0&#8243; woodmart_gradient_switch=&#8221;no&#8221; row_reverse_mobile=&#8221;1&#8243; row_reverse_tablet=&#8221;1&#8243; woodmart_disable_overflow=&#8221;0&#8243; wd_z_index=&#8221;no&#8221; woodmart_css_id=&#8221;6125f32826e3d&#8221; responsive_spacing=&#8221;eyJwYXJhbV90eXBlIjoid29vZG1hcnRfcmVzcG9uc2l2ZV9zcGFjaW5nIiwic2VsZWN0b3JfaWQiOiI2MTI1ZjMyODI2ZTNkIiwic2hvcnRjb2RlIjoidmNfcm93IiwiZGF0YSI6eyJ0YWJsZXQiOnt9LCJtb2JpbGUiOnsibWFyZ2luLWJvdHRvbSI6IjIwIn19fQ==&#8221;][vc_column css=&#8221;.vc_custom_1629877010833{margin-bottom: 40px !important;padding-top: 0px !important;}&#8221; mobile_bg_img_hidden=&#8221;no&#8221; tablet_bg_img_hidden=&#8221;no&#8221; woodmart_parallax=&#8221;0&#8243; woodmart_sticky_column=&#8221;false&#8221; parallax_scroll=&#8221;no&#8221; mobile_reset_margin=&#8221;no&#8221; tablet_reset_margin=&#8221;no&#8221; offset=&#8221;vc_col-lg-6 vc_col-md-6&#8243; wd_z_index=&#8221;no&#8221; woodmart_css_id=&#8221;6125f30edad72&#8243; responsive_spacing=&#8221;eyJwYXJhbV90eXBlIjoid29vZG1hcnRfcmVzcG9uc2l2ZV9zcGFjaW5nIiwic2VsZWN0b3JfaWQiOiI2MTI1ZjMwZWRhZDcyIiwic2hvcnRjb2RlIjoidmNfY29sdW1uIiwiZGF0YSI6eyJ0YWJsZXQiOnt9LCJtb2JpbGUiOnt9fX0=&#8221;]\t\t<div id=\"wd-657292fe2788c\" class=\"wd-image wd-wpb wd-rs-657292fe2788c text-left vc_custom_1702007565582\">\n\t\t\t\n\t\t\t<img loading=\"lazy\" decoding=\"async\" width=\"941\" height=\"530\" src=\"https:\/\/mekoheritage.com\/wp-content\/uploads\/2023\/12\/image_2023_12_05T03_12_05_570Z.png\" class=\"attachment-full\" alt=\"\" title=\"image_2023_12_05T03_12_05_570Z\" srcset=\"https:\/\/mekoheritage.com\/wp-content\/uploads\/2023\/12\/image_2023_12_05T03_12_05_570Z.png 941w, https:\/\/mekoheritage.com\/wp-content\/uploads\/2023\/12\/image_2023_12_05T03_12_05_570Z-400x225.png 400w, https:\/\/mekoheritage.com\/wp-content\/uploads\/2023\/12\/image_2023_12_05T03_12_05_570Z-768x433.png 768w, https:\/\/mekoheritage.com\/wp-content\/uploads\/2023\/12\/image_2023_12_05T03_12_05_570Z-860x484.png 860w, https:\/\/mekoheritage.com\/wp-content\/uploads\/2023\/12\/image_2023_12_05T03_12_05_570Z-430x242.png 430w, https:\/\/mekoheritage.com\/wp-content\/uploads\/2023\/12\/image_2023_12_05T03_12_05_570Z-700x394.png 700w, https:\/\/mekoheritage.com\/wp-content\/uploads\/2023\/12\/image_2023_12_05T03_12_05_570Z-150x84.png 150w\" sizes=\"(max-width: 941px) 100vw, 941px\" \/>\n\t\t\t\t\t<\/div>\n\t\t[\/vc_column][vc_column css=&#8221;.vc_custom_1629877027060{margin-bottom: 40px !important;padding-top: 40px !important;}&#8221; mobile_bg_img_hidden=&#8221;no&#8221; tablet_bg_img_hidden=&#8221;no&#8221; woodmart_parallax=&#8221;0&#8243; woodmart_sticky_column=&#8221;false&#8221; parallax_scroll=&#8221;no&#8221; mobile_reset_margin=&#8221;no&#8221; tablet_reset_margin=&#8221;no&#8221; offset=&#8221;vc_col-lg-offset-1 vc_col-lg-5 vc_col-md-6 vc_col-xs-12&#8243; wd_z_index=&#8221;no&#8221; woodmart_css_id=&#8221;6125f320eb687&#8243; responsive_spacing=&#8221;eyJwYXJhbV90eXBlIjoid29vZG1hcnRfcmVzcG9uc2l2ZV9zcGFjaW5nIiwic2VsZWN0b3JfaWQiOiI2MTI1ZjMyMGViNjg3Iiwic2hvcnRjb2RlIjoidmNfY29sdW1uIiwiZGF0YSI6eyJ0YWJsZXQiOnt9LCJtb2JpbGUiOnsicGFkZGluZy10b3AiOiIwIn19fQ==&#8221;]\n\t\t<div id=\"wd-657293134122a\" class=\"title-wrapper wd-wpb set-mb-s reset-last-child  wd-rs-657293134122a wd-title-color-primary wd-title-style-default text-left vc_custom_1702007576989 wd-underline-colored\">\n\t\t\t\t\t\t\t<div class=\"title-subtitle  subtitle-color-primary font-default subtitle-style-default wd-font-weight-600 wd-fontsize-xs\">SEEMINGLY ELEGANT DESIGN<\/div>\n\t\t\t\n\t\t\t<div class=\"liner-continer\">\n\t\t\t\t<h4 class=\"woodmart-title-container title  wd-font-weight- wd-fontsize-xxl\" >About Us<\/h4>\n\t\t\t\t\t\t\t<\/div>\n\t\t\t\n\t\t\t\n\t\t\t\n\t\t<\/div>\n\t\t\n\t\t\t\t<div id=\"wd-65729323e8388\" class=\"wd-text-block wd-wpb reset-last-child wd-rs-65729323e8388 text-left wd-width-enabled wd-fontsize-s vc_custom_1702007605800\" style=\"--wd-max-width: 90%;\">\n\t\t\t<p><strong>Mekong Heritage Company Limited<\/strong> is headquartered in District 7, Ho Chi Minh City, Vietnam. The company specializes in producing and trading whiskey, with the goal of creating the whiskey heritage of the Mekong Delta.<\/p>\n\t\t<\/div>\n\t\t\t\t<div id=\"wd-65729342b04e9\" class=\"wd-text-block wd-wpb reset-last-child wd-rs-65729342b04e9 text-left wd-fontsize-custom vc_custom_1702007625874\">\n\t\t\t<p><strong>Mekong Heritage<\/strong> owns a modern whiskey factory in Nha Be district, Ho Chi Minh City. The factory is equipped with advanced production equipment, meeting international standards ISO 22000: 2018. Mekong Heritage uses high-quality ingredients, carefully selected from rice, fruit and vegetable growing areas. crops from the Mekong Delta and using oak barrels imported from Europe, famous in the world for the quality of traditional whiskeys.<\/p>\n\t\t<\/div>\n\t\t[vc_separator color=&#8221;custom&#8221; accent_color=&#8221;rgba(10,10,10,0.12)&#8221; css=&#8221;.vc_custom_1615616514122{margin-bottom: 20px !important;padding-top: 10px !important;}&#8221;][vc_row_inner content_placement=&#8221;middle&#8221; row_reverse_mobile=&#8221;0&#8243; row_reverse_tablet=&#8221;0&#8243;][vc_column_inner width=&#8221;1\/2&#8243; css=&#8221;.vc_custom_1617632364304{padding-top: 0px !important;}&#8221;]<div id=\"wd-657294d24e775\" class=\" wd-rs-657294d24e775  wd-button-wrapper woodmart-button-wrapper text-center\"><a href=\"https:\/\/mekoheritage.com\/en\/company-introduction\/\" title=\"\" class=\"btn btn-color-default btn-style-default btn-style-rectangle btn-size-default\">View More<\/a><\/div>[\/vc_column_inner][vc_column_inner width=&#8221;1\/2&#8243; css=&#8221;.vc_custom_1629877310132{padding-top: 0px !important;}&#8221; offset=&#8221;vc_hidden-sm vc_hidden-xs&#8221; wd_z_index=&#8221;no&#8221; woodmart_css_id=&#8221;6125f438bf39a&#8221; responsive_spacing=&#8221;eyJwYXJhbV90eXBlIjoid29vZG1hcnRfcmVzcG9uc2l2ZV9zcGFjaW5nIiwic2VsZWN0b3JfaWQiOiI2MTI1ZjQzOGJmMzlhIiwic2hvcnRjb2RlIjoidmNfY29sdW1uX2lubmVyIiwiZGF0YSI6eyJ0YWJsZXQiOnt9LCJtb2JpbGUiOnt9fX0=&#8221;]\n\t\t\t<div class=\"wd-social-icons  woodmart-social-icons icons-design-colored-alt icons-size-small color-scheme-dark social-share social-form-circle text-right\">\n\n\t\t\t\t\n\t\t\t\t\t\t\t\t\t<a rel=\"noopener noreferrer nofollow\" href=\"https:\/\/www.facebook.com\/sharer\/sharer.php?u=https:\/\/mekoheritage.com\/en\/about-us-3\/\" target=\"_blank\" class=\" wd-social-icon social-facebook\" aria-label=\"Facebook social link\">\n\t\t\t\t\t\t<span class=\"wd-icon\"><\/span>\n\t\t\t\t\t\t\t\t\t\t\t<\/a>\n\t\t\t\t\n\t\t\t\t\t\t\t\t\t<a rel=\"noopener noreferrer nofollow\" href=\"https:\/\/twitter.com\/share?url=https:\/\/mekoheritage.com\/en\/about-us-3\/\" target=\"_blank\" class=\" wd-social-icon social-twitter\" aria-label=\"Twitter social link\">\n\t\t\t\t\t\t<span class=\"wd-icon\"><\/span>\n\t\t\t\t\t\t\t\t\t\t\t<\/a>\n\t\t\t\t\n\t\t\t\t\n\t\t\t\t\n\t\t\t\t\n\t\t\t\t\t\t\t\t\t<a rel=\"noopener noreferrer nofollow\" href=\"https:\/\/pinterest.com\/pin\/create\/button\/?url=https:\/\/mekoheritage.com\/en\/about-us-3\/&media=https:\/\/mekoheritage.com\/wp-includes\/images\/media\/default.svg&description=About+us\" target=\"_blank\" class=\" wd-social-icon social-pinterest\" aria-label=\"Pinterest social link\">\n\t\t\t\t\t\t<span class=\"wd-icon\"><\/span>\n\t\t\t\t\t\t\t\t\t\t\t<\/a>\n\t\t\t\t\n\t\t\t\t\n\t\t\t\t\t\t\t\t\t<a rel=\"noopener noreferrer nofollow\" href=\"https:\/\/www.linkedin.com\/shareArticle?mini=true&url=https:\/\/mekoheritage.com\/en\/about-us-3\/\" target=\"_blank\" class=\" wd-social-icon social-linkedin\" aria-label=\"Linkedin social link\">\n\t\t\t\t\t\t<span class=\"wd-icon\"><\/span>\n\t\t\t\t\t\t\t\t\t\t\t<\/a>\n\t\t\t\t\n\t\t\t\t\n\t\t\t\t\n\t\t\t\t\n\t\t\t\t\n\t\t\t\t\n\t\t\t\t\n\t\t\t\t\n\t\t\t\t\n\t\t\t\t\n\t\t\t\t\t\t\t\t\n\t\t\t\t\t\t\t\t\n\t\t\t\t\n\t\t\t\t\t\t\t\t\t<a rel=\"noopener noreferrer nofollow\" href=\"https:\/\/telegram.me\/share\/url?url=https:\/\/mekoheritage.com\/en\/about-us-3\/\" target=\"_blank\" class=\" wd-social-icon social-tg\" aria-label=\"Telegram social link\">\n\t\t\t\t\t\t<span class=\"wd-icon\"><\/span>\n\t\t\t\t\t\t\t\t\t\t\t<\/a>\n\t\t\t\t\t\t\t\t\n\t\t\t\t\n\t\t\t<\/div>\n\n\t\t[\/vc_column_inner][\/vc_row_inner][\/vc_column][\/vc_row][vc_row disable_element=&#8221;yes&#8221; css=&#8221;.vc_custom_1702007673228{margin-bottom: 60px !important;}&#8221; mobile_bg_img_hidden=&#8221;no&#8221; tablet_bg_img_hidden=&#8221;no&#8221; woodmart_parallax=&#8221;0&#8243; woodmart_gradient_switch=&#8221;no&#8221; row_reverse_mobile=&#8221;0&#8243; row_reverse_tablet=&#8221;0&#8243; woodmart_disable_overflow=&#8221;0&#8243; wd_z_index=&#8221;no&#8221; woodmart_css_id=&#8221;6572937460e4d&#8221; responsive_spacing=&#8221;eyJwYXJhbV90eXBlIjoid29vZG1hcnRfcmVzcG9uc2l2ZV9zcGFjaW5nIiwic2VsZWN0b3JfaWQiOiI2NTcyOTM3NDYwZTRkIiwic2hvcnRjb2RlIjoidmNfcm93IiwiZGF0YSI6eyJ0YWJsZXQiOnt9LCJtb2JpbGUiOnsibWFyZ2luLWJvdHRvbSI6IjQwcHgifX19&#8243; woodmart_box_shadow=&#8221;no&#8221;][vc_column width=&#8221;1\/4&#8243; css=&#8221;.vc_custom_1615616838746{padding-top: 0px !important;}&#8221; mobile_bg_img_hidden=&#8221;no&#8221; tablet_bg_img_hidden=&#8221;no&#8221; woodmart_parallax=&#8221;0&#8243; woodmart_sticky_column=&#8221;false&#8221; parallax_scroll=&#8221;no&#8221; mobile_reset_margin=&#8221;no&#8221; tablet_reset_margin=&#8221;no&#8221;]\n\t\t<div id=\"wd-63e48f11720a4\" class=\"title-wrapper wd-wpb set-mb-s reset-last-child  wd-rs-63e48f11720a4 wd-title-color-primary wd-title-style-default text-center  wd-underline-colored\">\n\t\t\t\t\t\t\t<div class=\"title-subtitle  subtitle-color-primary font-default subtitle-style-default wd-font-weight-600 wd-fontsize-xs\">\u0110\u00f4i n\u00e9t v\u1ec1 ch\u00fang t\u00f4i<\/div>\n\t\t\t\n\t\t\t<div class=\"liner-continer\">\n\t\t\t\t<h4 class=\"woodmart-title-container title  wd-font-weight- wd-fontsize-xxl\" >Nh\u00f3m ch\u00fang t\u00f4i<\/h4>\n\t\t\t\t\t\t\t<\/div>\n\t\t\t\n\t\t\t\t\t\t\t<div class=\"title-after_title  set-cont-mb-s reset-last-child  wd-fontsize-s\">T\u1ea5t c\u1ea3 c\u00e1c qu\u00e1 tr\u00ecnh \u0111\u01b0\u1ee3c nh\u00e0 ch\u1ebf t\u00e1c r\u01b0\u1ee3u ki\u1ec3m so\u00e1t v\u00f4 c\u00f9ng ch\u1eb7t ch\u1ebd \u0111\u1ec3 t\u1ea1o ra \u0111\u01b0\u1ee3c lo\u1ea1i r\u01b0\u1ee3u c\u00f3 h\u01b0\u01a1ng v\u1ecb theo ti\u00eau chu\u1ea9n h\u1ecd \u0111\u1ec1 ra.<\/div>\n\t\t\t\n\t\t\t\n\t\t<\/div>\n\t\t\n\t\t[\/vc_column][vc_column width=&#8221;1\/4&#8243; css=&#8221;.vc_custom_1615815117241{padding-top: 0px !important;}&#8221; mobile_bg_img_hidden=&#8221;no&#8221; tablet_bg_img_hidden=&#8221;no&#8221; woodmart_parallax=&#8221;0&#8243; woodmart_sticky_column=&#8221;false&#8221; parallax_scroll=&#8221;no&#8221; mobile_reset_margin=&#8221;no&#8221; tablet_reset_margin=&#8221;no&#8221; offset=&#8221;vc_col-lg-3 vc_col-md-3 vc_col-xs-12&#8243;]<div class=\"team-member wd-wpb text-center  member-layout-default\"><div class=\"member-image-wrapper\"><div class=\"member-image\"><img loading=\"lazy\" decoding=\"async\" width=\"880\" height=\"594\" src=\"https:\/\/mekoheritage.com\/wp-content\/uploads\/2023\/02\/download-1-1.jpg\" class=\"team-member-avatar-image attachment-full\" alt=\"\" title=\"download (1)\" srcset=\"https:\/\/mekoheritage.com\/wp-content\/uploads\/2023\/02\/download-1-1.jpg 880w, https:\/\/mekoheritage.com\/wp-content\/uploads\/2023\/02\/download-1-1-400x270.jpg 400w, https:\/\/mekoheritage.com\/wp-content\/uploads\/2023\/02\/download-1-1-768x518.jpg 768w, https:\/\/mekoheritage.com\/wp-content\/uploads\/2023\/02\/download-1-1-860x581.jpg 860w, https:\/\/mekoheritage.com\/wp-content\/uploads\/2023\/02\/download-1-1-430x290.jpg 430w, https:\/\/mekoheritage.com\/wp-content\/uploads\/2023\/02\/download-1-1-700x473.jpg 700w, https:\/\/mekoheritage.com\/wp-content\/uploads\/2023\/02\/download-1-1-150x101.jpg 150w\" sizes=\"(max-width: 880px) 100vw, 880px\" \/><\/div><\/div><div class=\"member-details\"><h4 class=\"member-name\">Mark Jance<\/h4><span class=\"member-position\">CEO \/ FOUNDER<\/span><div class=\"member-social\"><div class=\"wd-social-icons woodmart-social-icons icons-design-colored icons-size-small social-form-circle\"><a rel=\"noopener noreferrer nofollow\" class=\"wd-social-icon social-facebook\" href=\"#\" aria-label=\"Social icon facebook\"><span class=\"wd-icon\"><\/span><\/a><a rel=\"noopener noreferrer nofollow\" class=\"wd-social-icon social-twitter\" href=\"#\" aria-label=\"Social icon twitter\"><span class=\"wd-icon\"><\/span><\/a><a rel=\"noopener noreferrer nofollow\" class=\"wd-social-icon social-linkedin\" href=\"#\" aria-label=\"Social icon linkedin\"><span class=\"wd-icon\"><\/span><\/a><a rel=\"noopener noreferrer nofollow\" class=\"wd-social-icon social-instagram\" href=\"#\" aria-label=\"Social icon instagram\"><span class=\"wd-icon\"><\/span><\/a><\/div><\/div><\/div><\/div>[\/vc_column][vc_column width=&#8221;1\/4&#8243; css=&#8221;.vc_custom_1615815129451{padding-top: 0px !important;}&#8221; mobile_bg_img_hidden=&#8221;no&#8221; tablet_bg_img_hidden=&#8221;no&#8221; woodmart_parallax=&#8221;0&#8243; woodmart_sticky_column=&#8221;false&#8221; parallax_scroll=&#8221;no&#8221; mobile_reset_margin=&#8221;no&#8221; tablet_reset_margin=&#8221;no&#8221; offset=&#8221;vc_col-lg-3 vc_col-md-3 vc_col-xs-12&#8243;]<div class=\"team-member wd-wpb text-center  member-layout-default\"><div class=\"member-image-wrapper\"><div class=\"member-image\"><img loading=\"lazy\" decoding=\"async\" width=\"275\" height=\"183\" src=\"https:\/\/mekoheritage.com\/wp-content\/uploads\/2023\/02\/images-5.jpg\" class=\"team-member-avatar-image attachment-full\" alt=\"\" title=\"images (5)\" srcset=\"https:\/\/mekoheritage.com\/wp-content\/uploads\/2023\/02\/images-5.jpg 275w, https:\/\/mekoheritage.com\/wp-content\/uploads\/2023\/02\/images-5-150x100.jpg 150w\" sizes=\"(max-width: 275px) 100vw, 275px\" \/><\/div><\/div><div class=\"member-details\"><h4 class=\"member-name\">Braydon Wilkerson<\/h4><span class=\"member-position\">CEO \/ FOUNDER<\/span><div class=\"member-social\"><div class=\"wd-social-icons woodmart-social-icons icons-design-colored icons-size-small social-form-circle\"><a rel=\"noopener noreferrer nofollow\" class=\"wd-social-icon social-facebook\" href=\"#\" aria-label=\"Social icon facebook\"><span class=\"wd-icon\"><\/span><\/a><a rel=\"noopener noreferrer nofollow\" class=\"wd-social-icon social-twitter\" href=\"#\" aria-label=\"Social icon twitter\"><span class=\"wd-icon\"><\/span><\/a><a rel=\"noopener noreferrer nofollow\" class=\"wd-social-icon social-linkedin\" href=\"#\" aria-label=\"Social icon linkedin\"><span class=\"wd-icon\"><\/span><\/a><a rel=\"noopener noreferrer nofollow\" class=\"wd-social-icon social-instagram\" href=\"#\" aria-label=\"Social icon instagram\"><span class=\"wd-icon\"><\/span><\/a><\/div><\/div><\/div><\/div>[\/vc_column][vc_column width=&#8221;1\/4&#8243; css=&#8221;.vc_custom_1615815133389{padding-top: 0px !important;}&#8221; mobile_bg_img_hidden=&#8221;no&#8221; tablet_bg_img_hidden=&#8221;no&#8221; woodmart_parallax=&#8221;0&#8243; woodmart_sticky_column=&#8221;false&#8221; parallax_scroll=&#8221;no&#8221; mobile_reset_margin=&#8221;no&#8221; tablet_reset_margin=&#8221;no&#8221; offset=&#8221;vc_col-lg-3 vc_col-md-3 vc_col-xs-12&#8243;]<div class=\"team-member wd-wpb text-center  member-layout-default\"><div class=\"member-image-wrapper\"><div class=\"member-image\"><img loading=\"lazy\" decoding=\"async\" width=\"800\" height=\"533\" src=\"https:\/\/mekoheritage.com\/wp-content\/uploads\/2023\/02\/portrait-old-farmer-white-beard-portrait-old-farmer-white-beard-overall-straw-hat-corn-field-157201592-1.jpg\" class=\"team-member-avatar-image attachment-full\" alt=\"\" title=\"portrait-old-farmer-white-beard-portrait-old-farmer-white-beard-overall-straw-hat-corn-field-157201592\" srcset=\"https:\/\/mekoheritage.com\/wp-content\/uploads\/2023\/02\/portrait-old-farmer-white-beard-portrait-old-farmer-white-beard-overall-straw-hat-corn-field-157201592-1.jpg 800w, https:\/\/mekoheritage.com\/wp-content\/uploads\/2023\/02\/portrait-old-farmer-white-beard-portrait-old-farmer-white-beard-overall-straw-hat-corn-field-157201592-1-400x267.jpg 400w, https:\/\/mekoheritage.com\/wp-content\/uploads\/2023\/02\/portrait-old-farmer-white-beard-portrait-old-farmer-white-beard-overall-straw-hat-corn-field-157201592-1-768x512.jpg 768w, https:\/\/mekoheritage.com\/wp-content\/uploads\/2023\/02\/portrait-old-farmer-white-beard-portrait-old-farmer-white-beard-overall-straw-hat-corn-field-157201592-1-430x286.jpg 430w, https:\/\/mekoheritage.com\/wp-content\/uploads\/2023\/02\/portrait-old-farmer-white-beard-portrait-old-farmer-white-beard-overall-straw-hat-corn-field-157201592-1-700x466.jpg 700w, https:\/\/mekoheritage.com\/wp-content\/uploads\/2023\/02\/portrait-old-farmer-white-beard-portrait-old-farmer-white-beard-overall-straw-hat-corn-field-157201592-1-150x100.jpg 150w\" sizes=\"(max-width: 800px) 100vw, 800px\" \/><\/div><\/div><div class=\"member-details\"><h4 class=\"member-name\">Kristin Watson<\/h4><span class=\"member-position\">CEO \/ FOUNDER<\/span><div class=\"member-social\"><div class=\"wd-social-icons woodmart-social-icons icons-design-colored icons-size-small social-form-circle\"><a rel=\"noopener noreferrer nofollow\" class=\"wd-social-icon social-facebook\" href=\"#\" aria-label=\"Social icon facebook\"><span class=\"wd-icon\"><\/span><\/a><a rel=\"noopener noreferrer nofollow\" class=\"wd-social-icon social-twitter\" href=\"#\" aria-label=\"Social icon twitter\"><span class=\"wd-icon\"><\/span><\/a><a rel=\"noopener noreferrer nofollow\" class=\"wd-social-icon social-linkedin\" href=\"#\" aria-label=\"Social icon linkedin\"><span class=\"wd-icon\"><\/span><\/a><a rel=\"noopener noreferrer nofollow\" class=\"wd-social-icon social-instagram\" href=\"#\" aria-label=\"Social icon instagram\"><span class=\"wd-icon\"><\/span><\/a><\/div><\/div><\/div><\/div>[\/vc_column][\/vc_row][vc_row][vc_column]\n\t\t<div id=\"wd-65729397bc7d6\" class=\"title-wrapper wd-wpb set-mb-s reset-last-child  wd-rs-65729397bc7d6 wd-title-color-default wd-title-style-default text-center  wd-title-empty wd-underline-colored\">\n\t\t\t\t\t\t\t<div class=\"title-subtitle  subtitle-color-default font-default subtitle-style-default wd-font-weight- wd-fontsize-xs\">MISSION \u2013 VISION \u2013 CORE VALUES<\/div>\n\t\t\t\n\t\t\t<div class=\"liner-continer\">\n\t\t\t\t<h4 class=\"woodmart-title-container title  wd-font-weight- wd-fontsize-l\" ><\/h4>\n\t\t\t\t\t\t\t<\/div>\n\t\t\t\n\t\t\t\t\t\t\t<div class=\"title-after_title  set-cont-mb-s reset-last-child  wd-fontsize-xs\">Mekong Heritage is a young, dynamic whiskey brand that is on the rise. The company promises to bring consumers high-quality whiskey products, imbued with the identity of the Mekong Delta.<\/div>\n\t\t\t\n\t\t\t\n\t\t<\/div>\n\t\t\n\t\t[\/vc_column][\/vc_row][vc_row][vc_column width=&#8221;1\/2&#8243; css=&#8221;.vc_custom_1615617895716{padding-top: 0px !important;}&#8221; mobile_bg_img_hidden=&#8221;no&#8221; tablet_bg_img_hidden=&#8221;no&#8221; woodmart_parallax=&#8221;0&#8243; woodmart_sticky_column=&#8221;false&#8221; parallax_scroll=&#8221;no&#8221; mobile_reset_margin=&#8221;no&#8221; tablet_reset_margin=&#8221;no&#8221;][vc_video link=&#8221;https:\/\/www.youtube.com\/watch?v=9aiVRErNZ9Y&#8221; poster_image=&#8221;7616&#8243; image_poster_switch=&#8221;yes&#8221; img_size=&#8221;full&#8221;]\n\t\t<div id=\"wd-6572941c6cd60\" class=\"title-wrapper wd-wpb set-mb-s reset-last-child  wd-rs-6572941c6cd60 wd-title-color-default wd-title-style-default text-left vc_custom_1702007848069 wd-underline-colored\">\n\t\t\t\n\t\t\t<div class=\"liner-continer\">\n\t\t\t\t<h4 class=\"woodmart-title-container title  wd-font-weight- wd-fontsize-l\" >Mission<\/h4>\n\t\t\t\t\t\t\t<\/div>\n\t\t\t\n\t\t\t\n\t\t\t\n\t\t<\/div>\n\t\t\n\t\t\t\t<div id=\"wd-6572943179cc1\" class=\"wd-text-block wd-wpb reset-last-child wd-rs-6572943179cc1 text-left wd-width-custom wd-fontsize-s \">\n\t\t\t<p>Ki\u1ebfn t\u1ea1o di s\u1ea3n r\u01b0\u1ee3u whisky c\u1ee7a v\u00f9ng \u0111\u1ed3ng b\u1eb1ng s\u00f4ng Mekong<\/p>\n\t\t<\/div>\n\t\t\n\t\t<div id=\"wd-6572947f4605c\" class=\"title-wrapper wd-wpb set-mb-s reset-last-child  wd-rs-6572947f4605c wd-title-color-default wd-title-style-default text-left vc_custom_1702007947880 wd-underline-colored\">\n\t\t\t\n\t\t\t<div class=\"liner-continer\">\n\t\t\t\t<h4 class=\"woodmart-title-container title  wd-font-weight- wd-fontsize-l\" >Vision<\/h4>\n\t\t\t\t\t\t\t<\/div>\n\t\t\t\n\t\t\t\n\t\t\t\n\t\t<\/div>\n\t\t\n\t\t\t\t<div id=\"wd-6572948e7d94f\" class=\"wd-text-block wd-wpb reset-last-child wd-rs-6572948e7d94f text-left wd-width-custom wd-fontsize-s \">\n\t\t\t<p>Becoming the leading whiskey production company in Vietnam, recognized worldwide.<\/p>\n\t\t<\/div>\n\t\t[\/vc_column][vc_column width=&#8221;1\/2&#8243; css=&#8221;.vc_custom_1629877093976{padding-top: 0px !important;}&#8221; mobile_bg_img_hidden=&#8221;no&#8221; tablet_bg_img_hidden=&#8221;no&#8221; woodmart_parallax=&#8221;0&#8243; woodmart_sticky_column=&#8221;false&#8221; parallax_scroll=&#8221;no&#8221; mobile_reset_margin=&#8221;no&#8221; tablet_reset_margin=&#8221;no&#8221; wd_z_index=&#8221;no&#8221; woodmart_css_id=&#8221;6125f363cf509&#8243; responsive_spacing=&#8221;eyJwYXJhbV90eXBlIjoid29vZG1hcnRfcmVzcG9uc2l2ZV9zcGFjaW5nIiwic2VsZWN0b3JfaWQiOiI2MTI1ZjM2M2NmNTA5Iiwic2hvcnRjb2RlIjoidmNfY29sdW1uIiwiZGF0YSI6eyJ0YWJsZXQiOnt9LCJtb2JpbGUiOnt9fX0=&#8221;][vc_video link=&#8221;https:\/\/www.youtube.com\/watch?v=9aiVRErNZ9Y&#8221; poster_image=&#8221;7526&#8243; image_poster_switch=&#8221;yes&#8221; img_size=&#8221;full&#8221;]\n\t\t<div id=\"wd-65729444430b0\" class=\"title-wrapper wd-wpb set-mb-s reset-last-child  wd-rs-65729444430b0 wd-title-color-default wd-title-style-default text-left vc_custom_1702007882910 wd-underline-colored\">\n\t\t\t\n\t\t\t<div class=\"liner-continer\">\n\t\t\t\t<h4 class=\"woodmart-title-container title  wd-font-weight- wd-fontsize-l\" >Core Values<\/h4>\n\t\t\t\t\t\t\t<\/div>\n\t\t\t\n\t\t\t\n\t\t\t\n\t\t<\/div>\n\t\t\n\t\t\t\t<div id=\"wd-6572944e1ec2f\" class=\"wd-text-block wd-wpb reset-last-child wd-rs-6572944e1ec2f text-left wd-width-custom wd-fontsize-s \">\n\t\t\t<p>\u2022<strong> Quality:<\/strong> Always put product quality first, providing consumers with high-quality whiskey products that meet international standards.<br \/>\n\u2022 <strong>Passion<\/strong>: Always passionate about whiskey production, constantly creating and innovating to create unique whiskey products, imbued with the identity of the Mekong Delta.<br \/>\n\u2022 <strong>Responsibility:<\/strong> Always be responsible to society, contributing to the development of Vietnam&#8217;s whiskey production industry, bringing Vietnamese whiskey products to the world level.<\/p>\n\t\t<\/div>\n\t\t<div id=\"wd-6572957f67e78\" class=\" wd-rs-6572957f67e78  wd-button-wrapper woodmart-button-wrapper text-left\"><a href=\"https:\/\/mekoheritage.com\/en\/core-values\/\" title=\"\" class=\"btn btn-color-default btn-style-default btn-style-round btn-size-default\">View More<\/a><\/div>[\/vc_column][\/vc_row]<\/p>\n<\/div>","protected":false},"excerpt":{"rendered":"<p>[vc_row css=&#8221;.vc_custom_1629877038080{margin-bottom: 40px !important;}&#8221; mobile_bg_img_hidden=&#8221;no&#8221; tablet_bg_img_hidden=&#8221;no&#8221; woodmart_parallax=&#8221;0&#8243; woodmart_gradient_switch=&#8221;no&#8221; row_reverse_mobile=&#8221;1&#8243; row_reverse_tablet=&#8221;1&#8243; woodmart_disable_overflow=&#8221;0&#8243; wd_z_index=&#8221;no&#8221; woodmart_css_id=&#8221;6125f32826e3d&#8221; responsive_spacing=&#8221;eyJwYXJhbV90eXBlIjoid29vZG1hcnRfcmVzcG9uc2l2ZV9zcGFjaW5nIiwic2VsZWN0b3JfaWQiOiI2MTI1ZjMyODI2ZTNkIiwic2hvcnRjb2RlIjoidmNfcm93IiwiZGF0YSI6eyJ0YWJsZXQiOnt9LCJtb2JpbGUiOnsibWFyZ2luLWJvdHRvbSI6IjIwIn19fQ==&#8221;][vc_column css=&#8221;.vc_custom_1629877010833{margin-bottom: 40px !important;padding-top: 0px !important;}&#8221; mobile_bg_img_hidden=&#8221;no&#8221;<\/p>\n","protected":false},"author":1,"featured_media":0,"parent":0,"menu_order":0,"comment_status":"closed","ping_status":"closed","template":"","meta":{"rank_math_lock_modified_date":false,"footnotes":""},"class_list":["post-5212","page","type-page","status-publish","hentry"],"acf":[],"_links":{"self":[{"href":"https:\/\/mekoheritage.com\/en\/wp-json\/wp\/v2\/pages\/5212"}],"collection":[{"href":"https:\/\/mekoheritage.com\/en\/wp-json\/wp\/v2\/pages"}],"about":[{"href":"https:\/\/mekoheritage.com\/en\/wp-json\/wp\/v2\/types\/page"}],"author":[{"embeddable":true,"href":"https:\/\/mekoheritage.com\/en\/wp-json\/wp\/v2\/users\/1"}],"replies":[{"embeddable":true,"href":"https:\/\/mekoheritage.com\/en\/wp-json\/wp\/v2\/comments?post=5212"}],"version-history":[{"count":15,"href":"https:\/\/mekoheritage.com\/en\/wp-json\/wp\/v2\/pages\/5212\/revisions"}],"predecessor-version":[{"id":7858,"href":"https:\/\/mekoheritage.com\/en\/wp-json\/wp\/v2\/pages\/5212\/revisions\/7858"}],"wp:attachment":[{"href":"https:\/\/mekoheritage.com\/en\/wp-json\/wp\/v2\/media?parent=5212"}],"curies":[{"name":"wp","href":"https:\/\/api.w.org\/{rel}","templated":true}]}}